{"id":13,"date":"2021-01-29T18:07:16","date_gmt":"2021-01-29T18:07:16","guid":{"rendered":"https:\/\/wordpress-690448-2434579.cloudwaysapps.com\/index.php\/about-2\/"},"modified":"2021-08-27T06:04:03","modified_gmt":"2021-08-27T06:04:03","slug":"about-2","status":"publish","type":"page","link":"https:\/\/andcom.konvicka.se\/index.php\/about-2\/","title":{"rendered":"About"},"content":{"rendered":"\t\t<div data-elementor-type=\"wp-page\" data-elementor-id=\"13\" class=\"elementor elementor-13\" data-elementor-settings=\"[]\">\n\t\t\t\t\t\t\t<div class=\"elementor-section-wrap\">\n\t\t\t\t\t\t\t<section class=\"elementor-section elementor-top-section elementor-element elementor-element-85eb86d elementor-section-boxed elementor-section-height-default elementor-section-height-default\" data-id=\"85eb86d\" data-element_type=\"section\" data-settings=\"{&quot;background_background&quot;:&quot;classic&quot;}\">\n\t\t\t\t\t\t<div class=\"elementor-container elementor-column-gap-no\">\n\t\t\t\t\t<div class=\"elementor-column elementor-col-50 elementor-top-column elementor-element elementor-element-16b5116\" data-id=\"16b5116\" data-element_type=\"column\">\n\t\t\t<div class=\"elementor-widget-wrap elementor-element-populated\">\n\t\t\t\t\t\t\t\t<div class=\"elementor-element elementor-element-c0a99ea elementor-widget elementor-widget-heading\" data-id=\"c0a99ea\" data-element_type=\"widget\" data-widget_type=\"heading.default\">\n\t\t\t\t<div class=\"elementor-widget-container\">\n\t\t\t<h1 class=\"elementor-heading-title elementor-size-default\">Om Mig<\/h1>\t\t<\/div>\n\t\t\t\t<\/div>\n\t\t\t\t\t<\/div>\n\t\t<\/div>\n\t\t\t\t<div class=\"elementor-column elementor-col-50 elementor-top-column elementor-element elementor-element-197e999\" data-id=\"197e999\" data-element_type=\"column\">\n\t\t\t<div class=\"elementor-widget-wrap elementor-element-populated\">\n\t\t\t\t\t\t\t\t<div class=\"elementor-element elementor-element-df45700 elementor-widget-divider--view-line elementor-widget elementor-widget-divider\" data-id=\"df45700\" data-element_type=\"widget\" data-widget_type=\"divider.default\">\n\t\t\t\t<div class=\"elementor-widget-container\">\n\t\t\t\t\t<div class=\"elementor-divider\">\n\t\t\t<span class=\"elementor-divider-separator\">\n\t\t\t\t\t\t<\/span>\n\t\t<\/div>\n\t\t\t\t<\/div>\n\t\t\t\t<\/div>\n\t\t\t\t<div class=\"elementor-element elementor-element-fe602c7 elementor-widget elementor-widget-text-editor\" data-id=\"fe602c7\" data-element_type=\"widget\" data-widget_type=\"text-editor.default\">\n\t\t\t\t<div class=\"elementor-widget-container\">\n\t\t\t\t\t\t\t\t<p><span style=\"font-weight: 400;\">L\u00e5t mig hj\u00e4lpa dig med\u00a0<\/span><\/p><p><span style=\"font-weight: 400;\">ljudets kraft fr\u00e4mja din h\u00e4lsa, v\u00e4lbefinnande,<\/span><\/p>\t\t\t\t\t\t<\/div>\n\t\t\t\t<\/div>\n\t\t\t\t\t<\/div>\n\t\t<\/div>\n\t\t\t\t\t\t\t<\/div>\n\t\t<\/section>\n\t\t\t\t<section class=\"elementor-section elementor-top-section elementor-element elementor-element-9cf7197 elementor-section-height-min-height elementor-section-boxed elementor-section-height-default elementor-section-items-middle\" data-id=\"9cf7197\" data-element_type=\"section\" data-settings=\"{&quot;background_background&quot;:&quot;classic&quot;}\">\n\t\t\t\t\t\t\t<div class=\"elementor-background-overlay\"><\/div>\n\t\t\t\t\t\t\t<div class=\"elementor-container elementor-column-gap-no\">\n\t\t\t\t\t<div class=\"elementor-column elementor-col-50 elementor-top-column elementor-element elementor-element-9040626\" data-id=\"9040626\" data-element_type=\"column\" data-settings=\"{&quot;background_background&quot;:&quot;classic&quot;}\">\n\t\t\t<div class=\"elementor-widget-wrap elementor-element-populated\">\n\t\t\t\t\t\t\t\t<div class=\"elementor-element elementor-element-a466fa4 elementor-widget elementor-widget-heading\" data-id=\"a466fa4\" data-element_type=\"widget\" data-widget_type=\"heading.default\">\n\t\t\t\t<div class=\"elementor-widget-container\">\n\t\t\t<h3 class=\"elementor-heading-title elementor-size-default\">Personliga tillv\u00e4xt och utveckling!\nJag \u00e4r certifierad neuroakustisk ljudterapeut, CNHST.<\/h3>\t\t<\/div>\n\t\t\t\t<\/div>\n\t\t\t\t<div class=\"elementor-element elementor-element-c17b1ea elementor-widget-divider--view-line elementor-widget elementor-widget-divider\" data-id=\"c17b1ea\" data-element_type=\"widget\" data-widget_type=\"divider.default\">\n\t\t\t\t<div class=\"elementor-widget-container\">\n\t\t\t\t\t<div class=\"elementor-divider\">\n\t\t\t<span class=\"elementor-divider-separator\">\n\t\t\t\t\t\t<\/span>\n\t\t<\/div>\n\t\t\t\t<\/div>\n\t\t\t\t<\/div>\n\t\t\t\t<div class=\"elementor-element elementor-element-7a79b0e elementor-widget elementor-widget-text-editor\" data-id=\"7a79b0e\" data-element_type=\"widget\" data-widget_type=\"text-editor.default\">\n\t\t\t\t<div class=\"elementor-widget-container\">\n\t\t\t\t\t\t\t\t<p><span style=\"font-weight: 400;\">Den enda verksama i Sverige och specialiserad p\u00e5 vetenskapen om hur ljud p\u00e5verkar sinnet och nervsystemet.<\/span><\/p>\t\t\t\t\t\t<\/div>\n\t\t\t\t<\/div>\n\t\t\t\t<div class=\"elementor-element elementor-element-ab3bcaa elementor-widget elementor-widget-text-editor\" data-id=\"ab3bcaa\" data-element_type=\"widget\" data-widget_type=\"text-editor.default\">\n\t\t\t\t<div class=\"elementor-widget-container\">\n\t\t\t\t\t\t\t\t<p><span style=\"font-weight: 400;\">Genom den vetenskapliga och anpassade till\u00e4mpningen av ljudfrekvenser kan jag p\u00e5verka hj\u00e4rnan, och lindra olika typer av stress och stressrelaterade h\u00e4lsoproblem.<\/span><\/p><p><span style=\"font-weight: 400;\">Jag anv\u00e4nder Bio-Tuning\u00ae, en bepr\u00f6vad och erk\u00e4nd metod som patenterats och utvecklats av Dr. Jeffrey Thompson under \u00f6ver trettio \u00e5rs klinisk forskning inom neuroakustik.<\/span><\/p>\t\t\t\t\t\t<\/div>\n\t\t\t\t<\/div>\n\t\t\t\t\t<\/div>\n\t\t<\/div>\n\t\t\t\t<div class=\"elementor-column elementor-col-50 elementor-top-column elementor-element elementor-element-aa618d9\" data-id=\"aa618d9\" data-element_type=\"column\">\n\t\t\t<div class=\"elementor-widget-wrap\">\n\t\t\t\t\t\t\t\t\t<\/div>\n\t\t<\/div>\n\t\t\t\t\t\t\t<\/div>\n\t\t<\/section>\n\t\t\t\t<section class=\"elementor-section elementor-top-section elementor-element elementor-element-bf67fcb elementor-section-height-min-height elementor-section-boxed elementor-section-height-default elementor-section-items-middle\" data-id=\"bf67fcb\" data-element_type=\"section\">\n\t\t\t\t\t\t<div class=\"elementor-container elementor-column-gap-no\">\n\t\t\t\t\t<div class=\"elementor-column elementor-col-100 elementor-top-column elementor-element elementor-element-ef325c4\" data-id=\"ef325c4\" data-element_type=\"column\">\n\t\t\t<div class=\"elementor-widget-wrap elementor-element-populated\">\n\t\t\t\t\t\t\t\t<div class=\"elementor-element elementor-element-28891e9 elementor-widget elementor-widget-heading\" data-id=\"28891e9\" data-element_type=\"widget\" data-widget_type=\"heading.default\">\n\t\t\t\t<div class=\"elementor-widget-container\">\n\t\t\t<h5 class=\"elementor-heading-title elementor-size-default\">Sharing wisdom<\/h5>\t\t<\/div>\n\t\t\t\t<\/div>\n\t\t\t\t<div class=\"elementor-element elementor-element-11a70de elementor-widget-divider--view-line elementor-widget elementor-widget-divider\" data-id=\"11a70de\" data-element_type=\"widget\" data-widget_type=\"divider.default\">\n\t\t\t\t<div class=\"elementor-widget-container\">\n\t\t\t\t\t<div class=\"elementor-divider\">\n\t\t\t<span class=\"elementor-divider-separator\">\n\t\t\t\t\t\t<\/span>\n\t\t<\/div>\n\t\t\t\t<\/div>\n\t\t\t\t<\/div>\n\t\t\t\t<div class=\"elementor-element elementor-element-8ea2265 elementor-widget elementor-widget-heading\" data-id=\"8ea2265\" data-element_type=\"widget\" data-widget_type=\"heading.default\">\n\t\t\t\t<div class=\"elementor-widget-container\">\n\t\t\t<h2 class=\"elementor-heading-title elementor-size-default\">Det \u00e4r l\u00e4ttare \u00e4n meditation, eftersom ljudv\u00e5gorna g\u00f6r allt arbete!<\/h2>\t\t<\/div>\n\t\t\t\t<\/div>\n\t\t\t\t<section class=\"elementor-section elementor-inner-section elementor-element elementor-element-ebae384 elementor-section-boxed elementor-section-height-default elementor-section-height-default\" data-id=\"ebae384\" data-element_type=\"section\">\n\t\t\t\t\t\t<div class=\"elementor-container elementor-column-gap-no\">\n\t\t\t\t\t<div class=\"elementor-column elementor-col-50 elementor-inner-column elementor-element elementor-element-32acb07\" data-id=\"32acb07\" data-element_type=\"column\">\n\t\t\t<div class=\"elementor-widget-wrap elementor-element-populated\">\n\t\t\t\t\t\t\t\t<div class=\"elementor-element elementor-element-0e0093a elementor-widget elementor-widget-image\" data-id=\"0e0093a\" data-element_type=\"widget\" data-widget_type=\"image.default\">\n\t\t\t\t<div class=\"elementor-widget-container\">\n\t\t\t\t\t\t\t\t\t\t\t\t\t\t\t\t<a href=\"#\">\n\t\t\t\t\t\t\t<img loading=\"lazy\" decoding=\"async\" width=\"2560\" height=\"1707\" src=\"https:\/\/andcom.konvicka.se\/wp-content\/uploads\/2021\/08\/Picture-20-scaled.jpg\" class=\"attachment-full size-full\" alt=\"\" srcset=\"https:\/\/andcom.konvicka.se\/wp-content\/uploads\/2021\/08\/Picture-20-scaled.jpg 2560w, https:\/\/andcom.konvicka.se\/wp-content\/uploads\/2021\/08\/Picture-20-300x200.jpg 300w, https:\/\/andcom.konvicka.se\/wp-content\/uploads\/2021\/08\/Picture-20-1024x683.jpg 1024w, https:\/\/andcom.konvicka.se\/wp-content\/uploads\/2021\/08\/Picture-20-768x512.jpg 768w, https:\/\/andcom.konvicka.se\/wp-content\/uploads\/2021\/08\/Picture-20-1536x1024.jpg 1536w, https:\/\/andcom.konvicka.se\/wp-content\/uploads\/2021\/08\/Picture-20-2048x1365.jpg 2048w\" sizes=\"auto, (max-width: 2560px) 100vw, 2560px\" \/>\t\t\t\t\t\t\t\t<\/a>\n\t\t\t\t\t\t\t\t\t\t\t\t\t\t\t<\/div>\n\t\t\t\t<\/div>\n\t\t\t\t\t<\/div>\n\t\t<\/div>\n\t\t\t\t<div class=\"elementor-column elementor-col-50 elementor-inner-column elementor-element elementor-element-593e3e4\" data-id=\"593e3e4\" data-element_type=\"column\">\n\t\t\t<div class=\"elementor-widget-wrap elementor-element-populated\">\n\t\t\t\t\t\t\t\t<div class=\"elementor-element elementor-element-b13aac9 elementor-widget elementor-widget-image\" data-id=\"b13aac9\" data-element_type=\"widget\" data-widget_type=\"image.default\">\n\t\t\t\t<div class=\"elementor-widget-container\">\n\t\t\t\t\t\t\t\t\t\t\t\t\t\t\t\t<a href=\"#\">\n\t\t\t\t\t\t\t<img decoding=\"async\" src=\"https:\/\/andcom.konvicka.se\/wp-content\/uploads\/elementor\/thumbs\/Screenshot-2021-08-24-at-11.40.33-AM-pkatcyghli4e2zmxc82zqqnj222o8s5i9vas39z08k.png\" title=\"Screenshot 2021-08-24 at 11.40.33 AM\" alt=\"Screenshot 2021-08-24 at 11.40.33 AM\" \/>\t\t\t\t\t\t\t\t<\/a>\n\t\t\t\t\t\t\t\t\t\t\t\t\t\t\t<\/div>\n\t\t\t\t<\/div>\n\t\t\t\t\t<\/div>\n\t\t<\/div>\n\t\t\t\t\t\t\t<\/div>\n\t\t<\/section>\n\t\t\t\t<div class=\"elementor-element elementor-element-da53abf elementor-widget elementor-widget-text-editor\" data-id=\"da53abf\" data-element_type=\"widget\" data-widget_type=\"text-editor.default\">\n\t\t\t\t<div class=\"elementor-widget-container\">\n\t\t\t\t\t\t\t\t<p>The Center of Neuroacoustic Research and the International Registry of Sound Practitioners and Therapists<\/p>\t\t\t\t\t\t<\/div>\n\t\t\t\t<\/div>\n\t\t\t\t\t<\/div>\n\t\t<\/div>\n\t\t\t\t\t\t\t<\/div>\n\t\t<\/section>\n\t\t\t\t<section class=\"elementor-section elementor-top-section elementor-element elementor-element-4cc090e elementor-section-boxed elementor-section-height-default elementor-section-height-default\" data-id=\"4cc090e\" data-element_type=\"section\" data-settings=\"{&quot;background_background&quot;:&quot;classic&quot;}\">\n\t\t\t\t\t\t<div class=\"elementor-container elementor-column-gap-no\">\n\t\t\t\t\t<div class=\"elementor-column elementor-col-100 elementor-top-column elementor-element elementor-element-dd73c0f\" data-id=\"dd73c0f\" data-element_type=\"column\">\n\t\t\t<div class=\"elementor-widget-wrap elementor-element-populated\">\n\t\t\t\t\t\t\t\t<div class=\"elementor-element elementor-element-4e24ffb elementor-widget__width-auto elementor-widget elementor-widget-image\" data-id=\"4e24ffb\" data-element_type=\"widget\" data-widget_type=\"image.default\">\n\t\t\t\t<div class=\"elementor-widget-container\">\n\t\t\t\t\t\t\t\t\t\t\t\t\t\t\t<img loading=\"lazy\" decoding=\"async\" width=\"260\" height=\"36\" src=\"https:\/\/andcom.konvicka.se\/wp-content\/uploads\/2021\/02\/logo-003-free-img.png\" class=\"attachment-full size-full\" alt=\"\" \/>\t\t\t\t\t\t\t\t\t\t\t\t\t\t\t<\/div>\n\t\t\t\t<\/div>\n\t\t\t\t<div class=\"elementor-element elementor-element-60a345e elementor-widget__width-auto elementor-widget elementor-widget-image\" data-id=\"60a345e\" data-element_type=\"widget\" data-widget_type=\"image.default\">\n\t\t\t\t<div class=\"elementor-widget-container\">\n\t\t\t\t\t\t\t\t\t\t\t\t\t\t\t<img loading=\"lazy\" decoding=\"async\" width=\"112\" height=\"32\" src=\"https:\/\/andcom.konvicka.se\/wp-content\/uploads\/2021\/02\/logo-001-free-img.png\" class=\"attachment-full size-full\" alt=\"\" \/>\t\t\t\t\t\t\t\t\t\t\t\t\t\t\t<\/div>\n\t\t\t\t<\/div>\n\t\t\t\t<div class=\"elementor-element elementor-element-bbad112 elementor-widget__width-auto elementor-widget elementor-widget-image\" data-id=\"bbad112\" data-element_type=\"widget\" data-widget_type=\"image.default\">\n\t\t\t\t<div class=\"elementor-widget-container\">\n\t\t\t\t\t\t\t\t\t\t\t\t\t\t\t<img loading=\"lazy\" decoding=\"async\" width=\"78\" height=\"27\" src=\"https:\/\/andcom.konvicka.se\/wp-content\/uploads\/2021\/02\/logo-004-free-img.png\" class=\"attachment-full size-full\" alt=\"\" \/>\t\t\t\t\t\t\t\t\t\t\t\t\t\t\t<\/div>\n\t\t\t\t<\/div>\n\t\t\t\t<div class=\"elementor-element elementor-element-6b040d6 elementor-widget__width-auto elementor-widget elementor-widget-image\" data-id=\"6b040d6\" data-element_type=\"widget\" data-widget_type=\"image.default\">\n\t\t\t\t<div class=\"elementor-widget-container\">\n\t\t\t\t\t\t\t\t\t\t\t\t\t\t\t<img loading=\"lazy\" decoding=\"async\" width=\"118\" height=\"30\" src=\"https:\/\/andcom.konvicka.se\/wp-content\/uploads\/2021\/02\/logo-002-free-img.png\" class=\"attachment-full size-full\" alt=\"\" \/>\t\t\t\t\t\t\t\t\t\t\t\t\t\t\t<\/div>\n\t\t\t\t<\/div>\n\t\t\t\t<div class=\"elementor-element elementor-element-956e3c8 elementor-widget__width-auto elementor-widget elementor-widget-image\" data-id=\"956e3c8\" data-element_type=\"widget\" data-widget_type=\"image.default\">\n\t\t\t\t<div class=\"elementor-widget-container\">\n\t\t\t\t\t\t\t\t\t\t\t\t\t\t\t<img loading=\"lazy\" decoding=\"async\" width=\"175\" height=\"32\" src=\"https:\/\/andcom.konvicka.se\/wp-content\/uploads\/2021\/02\/logo-005-free-img.png\" class=\"attachment-full size-full\" alt=\"\" \/>\t\t\t\t\t\t\t\t\t\t\t\t\t\t\t<\/div>\n\t\t\t\t<\/div>\n\t\t\t\t\t<\/div>\n\t\t<\/div>\n\t\t\t\t\t\t\t<\/div>\n\t\t<\/section>\n\t\t\t\t\t\t<\/div>\n\t\t\t\t\t<\/div>\n\t\t","protected":false},"excerpt":{"rendered":"<p>Om Mig L\u00e5t mig hj\u00e4lpa dig med\u00a0 ljudets kraft fr\u00e4mja din h\u00e4lsa, v\u00e4lbefinnande, Personliga tillv\u00e4xt och utveckling! Jag \u00e4r certifierad neuroakustisk ljudterapeut, CNHST. Den enda verksama i Sverige och specialiserad p\u00e5 vetenskapen om hur ljud p\u00e5verkar sinnet och nervsystemet. Genom den vetenskapliga och anpassade till\u00e4mpningen av ljudfrekvenser kan jag p\u00e5verka hj\u00e4rnan, och lindra olika typer &hellip;<\/p>\n<p class=\"read-more\"> <a class=\"\" href=\"https:\/\/andcom.konvicka.se\/index.php\/about-2\/\"> <span class=\"screen-reader-text\">About<\/span> Read More &raquo;<\/a><\/p>\n","protected":false},"author":1,"featured_media":0,"parent":0,"menu_order":0,"comment_status":"closed","ping_status":"closed","template":"","meta":{"footnotes":""},"class_list":["post-13","page","type-page","status-publish","hentry"],"_links":{"self":[{"href":"https:\/\/andcom.konvicka.se\/index.php\/wp-json\/wp\/v2\/pages\/13","targetHints":{"allow":["GET"]}}],"collection":[{"href":"https:\/\/andcom.konvicka.se\/index.php\/wp-json\/wp\/v2\/pages"}],"about":[{"href":"https:\/\/andcom.konvicka.se\/index.php\/wp-json\/wp\/v2\/types\/page"}],"author":[{"embeddable":true,"href":"https:\/\/andcom.konvicka.se\/index.php\/wp-json\/wp\/v2\/users\/1"}],"replies":[{"embeddable":true,"href":"https:\/\/andcom.konvicka.se\/index.php\/wp-json\/wp\/v2\/comments?post=13"}],"version-history":[{"count":0,"href":"https:\/\/andcom.konvicka.se\/index.php\/wp-json\/wp\/v2\/pages\/13\/revisions"}],"wp:attachment":[{"href":"https:\/\/andcom.konvicka.se\/index.php\/wp-json\/wp\/v2\/media?parent=13"}],"curies":[{"name":"wp","href":"https:\/\/api.w.org\/{rel}","templated":true}]}}